{"id":1088,"date":"2022-03-15T10:40:24","date_gmt":"2022-03-15T09:40:24","guid":{"rendered":"https:\/\/www.rosval.it\/qualita\/"},"modified":"2026-04-16T17:26:49","modified_gmt":"2026-04-16T15:26:49","slug":"qualitaet","status":"publish","type":"page","link":"https:\/\/www.rosval.it\/de\/qualitaet\/","title":{"rendered":"QUALIT\u00c4T"},"content":{"rendered":"<h1>GARANTIERTE UND ZERTIFIZERTE QUALIT\u00e4T <\/h1>\n<div>\n<p>Rosval ist seit 1997 nach ISO 9001 und IATF 16949 zertifiziert, um die Qualit\u00e4t aller Produkte und Dienstleistung zu verbessern.<\/p>\n<\/div>\n<ul>\n<li>\n<p>        <img decoding=\"async\" src=\"\/wp-content\/uploads\/2022\/04\/Icona_01_Accettazione.png\" alt=\"\"><\/p>\n<h3>ANNAHME<\/h3>\n<\/li>\n<li>\n<p>        <img decoding=\"async\" src=\"\/wp-content\/uploads\/2022\/04\/Icona_02_Produzione.png\" alt=\"\"><\/p>\n<h3>PRODUKTION <\/h3>\n<\/li>\n<li>\n<p>        <img decoding=\"async\" src=\"\/wp-content\/uploads\/2022\/04\/Icona_03_Controlli.png\" alt=\"\"><\/p>\n<h3>KONTROLLE  SPC<\/h3>\n<\/li>\n<li>\n<p>        <img decoding=\"async\" src=\"\/wp-content\/uploads\/2022\/04\/Icona_04_Laboratorio.png\" alt=\"\"><\/p>\n<h3>LABOR<\/h3>\n<\/li>\n<li>\n<p>        <img decoding=\"async\" src=\"\/wp-content\/uploads\/2022\/04\/Icona_05_Rilascio.png\" alt=\"\"><\/p>\n<h3>FREIGABE<\/h3>\n<\/li>\n<\/ul>\n<div>\n<h3>QUALIT\u00e4TSSYSTEM<\/h3>\n<div>\n<p>Kontroll-und Pruefprozesse um Qualit\u04d3tsstandard zu garantieren.<\/p>\n<ul>\n<li>st\u00e4ndige Umsetzung des Qualit\u04d3tssystem<\/li>\n<li>interne und externe Audits<\/li>\n<li>Produktionsplanung und Ueberwachung der Liefertreue<\/li>\n<li>Enge Zusammenarbeit mit unseren Kunden zur staendigen<\/li>\n<li>Strenge Kontrolle des Gesamten Materials.<\/li>\n<\/ul>\n<\/div>\n<\/div>\n<div>\n<h3>QUALIT\u00e4T POLICY<\/h3>\n<p>Kundenbindung ist unser Hauptziel<\/p>\n<div>\n<p>Ein sorgf\u00e4ltiger Kontroll- und Endpruefungsverfahren garantiert die maximale Einhaltung der Qualitaetsstandards, um \u00a0die Anforderungen des Kunden zu versichern.<\/p>\n<\/div>\n<p><a href=\"\/wp-content\/uploads\/2026\/04\/ID-C5-A4-Integrated-System-Policy-Quality-Environment-Safety-Rev.01-03-2026.pdf\">SIEHE UNSERE POLITIK<\/a><\/p>\n<\/div>\n<div>\n<p>        <img decoding=\"async\" src=\"\/wp-content\/uploads\/2022\/04\/quality_system_rosval_mob.png\" alt=\"\"><\/p>\n<h3>QUALIT\u00e4TSSYSTEM<\/h3>\n<p>Kontroll-und Pruefprozesse um Qualit\u04d3tsstandard zu garantieren.<\/p>\n<div>\n<ul>\n<li>st\u00e4ndige Umsetzung des Qualit\u04d3tssystem<\/li>\n<li>interne und externe Audits<\/li>\n<li>Produktionsplanung und Ueberwachung der Liefertreue<\/li>\n<li>Enge Zusammenarbeit mit unseren Kunden zur staendigen<\/li>\n<li>Strenge Kontrolle des Gesamten Materials.<\/li>\n<\/ul>\n<\/div>\n<\/div>\n<div>\n<p>        <img decoding=\"async\" src=\"\/wp-content\/uploads\/2022\/04\/quality_policy_rosval_mob.png\" alt=\"\"><\/p>\n<h3>QUALIT\u00e4T POLICY<\/h3>\n<p>Kundenbindung ist unser Hauptziel<\/p>\n<div>\n<p>Ein sorgf\u00e4ltiger Kontroll- und Endpruefungsverfahren garantiert die maximale Einhaltung der Qualitaetsstandards, um \u00a0die Anforderungen des Kunden zu versichern.<\/p>\n<\/div>\n<p><a href=\"\/wp-content\/uploads\/2026\/04\/ID-C5-A4-Integrated-System-Policy-Quality-Environment-Safety-Rev.01-03-2026.pdf\">SIEHE UNSERE POLITIK<\/a><\/p>\n<\/div>\n<div><\/div>\n<h1>\n<div class=\"stretch\">\n  <span>z<\/span><br \/>\n  <span>e<\/span><br \/>\n  <span>r<\/span><br \/>\n  <span>t<\/span><br \/>\n  <span>i<\/span><br \/>\n  <span>f<\/span><br \/>\n  <span>i<\/span><br \/>\n  <span>z<\/span><br \/>\n  <span>i<\/span><br \/>\n  <span>e<\/span><br \/>\n  <span>r<\/span><br \/>\n  <span>t<\/span><br \/>\n  <span>e<\/span><br \/>\n  <span> <\/span><br \/>\n  <span>q<\/span><br \/>\n  <span>u<\/span><br \/>\n  <span>a<\/span><br \/>\n  <span>l<\/span><br \/>\n  <span>i<\/span><br \/>\n      <span>t<\/span><br \/>\n  <span>\u00e4<\/span><br \/>\n  <span>t<\/span>\n<\/div>\n<\/h1>\n<h1>\n<p>ZERTIFIZIERTE QUALIT\u00e4T<\/p>\n<\/h1>\n<div>\n<p>Rosval QS-System ist seit 1997 nach ISO 9001 und auch nach IATF 16949 zertifiziert, um die Qualit\u00e4t aller automobilbezogenen Produkte und Dienstleistungen weltweit zu standardisieren und zu verbessern.<\/p>\n<\/div>\n<ul>\n<li>\n<p>        <img decoding=\"async\" src=\"\/wp-content\/uploads\/2022\/04\/Immagine_Qualita_3_Certificazione-ISO.png\" alt=\"\"><\/p>\n<p><a href=\"\/wp-content\/uploads\/2024\/04\/WZ240402_IATF-u.-9001.pdf\"><\/a><\/p>\n<\/li>\n<li>\n<p>        <img decoding=\"async\" src=\"\/wp-content\/uploads\/2022\/04\/Immagine_Qualita_2_Certificazione-IATF.png\" alt=\"\"><\/p>\n<p><a href=\"\/wp-content\/uploads\/2024\/04\/WZ240402_IATF-u.-9001.pdf\"><\/a><\/p>\n<\/li>\n<\/ul>\n<p><!--more--><br \/>\n<!-- {\"name\":\"qualit\\u00e0 def de\",\"type\":\"layout\",\"children\":[{\"type\":\"section\",\"props\":{\"height\":\"percent\",\"image\":\"wp-content\\\/uploads\\\/2022\\\/03\\\/Rosval-testata_qualita.jpg\",\"image_position\":\"center-center\",\"image_size\":\"cover\",\"padding\":\"none\",\"style\":\"default\",\"title_breakpoint\":\"xl\",\"title_position\":\"top-left\",\"title_rotation\":\"left\",\"vertical_align\":\"middle\",\"width\":\"default\"},\"children\":[{\"type\":\"row\",\"children\":[{\"type\":\"column\",\"props\":{\"image_position\":\"center-center\",\"position_sticky_breakpoint\":\"m\",\"vertical_align\":\"middle\",\"width_medium\":\"1-1\"},\"children\":[{\"type\":\"headline\",\"props\":{\"content\":\"GARANTIERTE UND ZERTIFIZERTE QUALIT\\u00e4T \",\"maxwidth\":\"xlarge\",\"title_element\":\"h1\",\"title_style\":\"h3\"}},{\"type\":\"text\",\"props\":{\"column_breakpoint\":\"m\",\"content\":\"\n\n<p>Rosval ist seit 1997 nach ISO 9001 und IATF 16949 zertifiziert, um die Qualit\\u00e4t aller Produkte und Dienstleistung zu verbessern.<\\\/p>\",\"margin\":\"default\",\"maxwidth\":\"xlarge\"}}]}],\"props\":{\"margin\":\"remove-vertical\",\"match\":false}}],\"name\":\"testata master giusta\"},{\"type\":\"section\",\"props\":{\"image_position\":\"center-center\",\"style\":\"primary\",\"title_breakpoint\":\"xl\",\"title_position\":\"top-left\",\"title_rotation\":\"left\",\"vertical_align\":\"middle\",\"width\":\"default\"},\"children\":[{\"type\":\"row\",\"children\":[{\"type\":\"column\",\"props\":{\"image_position\":\"center-center\",\"position_sticky_breakpoint\":\"m\",\"vertical_align\":\"bottom\"},\"children\":[{\"type\":\"panel-slider\",\"props\":{\"content_column_breakpoint\":\"m\",\"content_margin\":\"small\",\"css\":\".el-title {\\n  vertical-align: baseline;\\n}\",\"icon_width\":80,\"image_align\":\"top\",\"image_grid_breakpoint\":\"m\",\"image_grid_width\":\"1-2\",\"image_height\":\"100\",\"image_svg_color\":\"emphasis\",\"link_style\":\"default\",\"link_text\":\"Read more\",\"margin\":\"default\",\"meta_align\":\"below-title\",\"meta_element\":\"div\",\"meta_style\":\"text-meta\",\"nav\":\"dotnav\",\"nav_align\":\"center\",\"nav_breakpoint\":\"\",\"panel_card_match\":false,\"show_content\":false,\"show_image\":true,\"show_link\":true,\"show_meta\":true,\"show_title\":true,\"slidenav\":\"\",\"slidenav_breakpoint\":\"\",\"slidenav_color\":\"dark\",\"slidenav_large\":true,\"slidenav_margin\":\"medium\",\"slidenav_outside_breakpoint\":\"m\",\"slider_autoplay\":true,\"slider_autoplay_pause\":false,\"slider_gap\":\"small\",\"slider_sets\":true,\"slider_width\":\"fixed\",\"slider_width_default\":\"1-1\",\"slider_width_large\":\"1-5\",\"slider_width_medium\":\"1-3\",\"slider_width_small\":\"1-2\",\"text_align\":\"center\",\"title_align\":\"top\",\"title_color\":\"success\",\"title_element\":\"h3\",\"title_grid_breakpoint\":\"m\",\"title_grid_width\":\"1-2\",\"title_hover_style\":\"reset\",\"title_style\":\"h4\"},\"children\":[{\"type\":\"panel-slider_item\",\"props\":{\"content\":\"\",\"image\":\"wp-content\\\/uploads\\\/2022\\\/04\\\/Icona_01_Accettazione.png\",\"panel_style\":\"card-primary\",\"title\":\"ANNAHME\"}},{\"type\":\"panel-slider_item\",\"props\":{\"content\":\"\",\"image\":\"wp-content\\\/uploads\\\/2022\\\/04\\\/Icona_02_Produzione.png\",\"panel_style\":\"card-primary\",\"title\":\"PRODUKTION \"}},{\"type\":\"panel-slider_item\",\"props\":{\"content\":\"\",\"image\":\"wp-content\\\/uploads\\\/2022\\\/04\\\/Icona_03_Controlli.png\",\"panel_style\":\"card-primary\",\"title\":\"KONTROLLE  SPC\"}},{\"type\":\"panel-slider_item\",\"props\":{\"content\":\"\",\"image\":\"wp-content\\\/uploads\\\/2022\\\/04\\\/Icona_04_Laboratorio.png\",\"panel_style\":\"card-primary\",\"title\":\"LABOR\"}},{\"type\":\"panel-slider_item\",\"props\":{\"content\":\"\",\"image\":\"wp-content\\\/uploads\\\/2022\\\/04\\\/Icona_05_Rilascio.png\",\"panel_style\":\"card-primary\",\"title\":\"FREIGABE\"}}]}]}],\"props\":{\"margin\":\"remove-vertical\",\"match\":true,\"row_gap\":\"collapse\",\"width\":\"default\"}}],\"name\":\"panel slider process layout\"},{\"type\":\"section\",\"props\":{\"class\":\"uk-visible@l\",\"height\":\"percent\",\"image_position\":\"center-center\",\"padding\":\"none\",\"style\":\"default\",\"title_breakpoint\":\"xl\",\"title_position\":\"top-left\",\"title_rotation\":\"left\",\"vertical_align\":\"middle\",\"width\":\"\"},\"children\":[{\"type\":\"row\",\"children\":[{\"type\":\"column\",\"props\":{\"image_position\":\"center-center\",\"position_sticky_breakpoint\":\"m\",\"vertical_align\":\"middle\",\"width_medium\":\"1-2\"},\"children\":[{\"name\":\"Panel Image Left\",\"type\":\"panel\",\"props\":{\"content\":\"\n\n<p>Kontroll-und Pruefprozesse um Qualit\\u04d3tsstandard zu garantieren.<\\\/p>\\n\n\n<ul>\\n\n\n<li>st\\u00e4ndige Umsetzung des Qualit\\u04d3tssystem<\\\/li>\\n\n\n<li>interne und externe Audits<\\\/li>\\n\n\n<li>Produktionsplanung und Ueberwachung der Liefertreue<\\\/li>\\n\n\n<li>Enge Zusammenarbeit mit unseren Kunden zur staendigen<\\\/li>\\n\n\n<li>Strenge Kontrolle des Gesamten Materials.<\\\/li>\\n<\\\/ul>\",\"content_column_breakpoint\":\"m\",\"content_margin\":\"small\",\"icon_width\":80,\"id\":\"panel-image-left\",\"image\":\"\",\"image_align\":\"left\",\"image_grid_breakpoint\":\"s\",\"image_grid_column_gap\":\"large\",\"image_grid_width\":\"2-5\",\"image_svg_color\":\"emphasis\",\"image_vertical_align\":true,\"link_margin\":\"medium\",\"link_style\":\"danger\",\"link_text\":\"scopri l'azienda\",\"margin\":\"remove-vertical\",\"maxwidth\":\"xlarge\",\"meta\":\"\",\"meta_align\":\"below-title\",\"meta_element\":\"div\",\"meta_margin\":\"medium\",\"meta_style\":\"\",\"panel_image_no_padding\":true,\"panel_padding\":\"default\",\"panel_style\":\"card-default\",\"title\":\"QUALIT\\u00e4TSSYSTEM\",\"title_align\":\"top\",\"title_color\":\"emphasis\",\"title_element\":\"h3\",\"title_grid_breakpoint\":\"m\",\"title_grid_width\":\"1-2\",\"title_hover_style\":\"reset\",\"title_margin\":\"small\",\"title_style\":\"h2\",\"visibility\":\"l\"}}]},{\"type\":\"column\",\"props\":{\"image\":\"wp-content\\\/uploads\\\/2022\\\/04\\\/quality_system_rosval_desk.png\",\"image_position\":\"center-right\",\"image_size\":\"cover\",\"order_first\":\"m\",\"padding\":\"none\",\"position_sticky\":\"column\",\"position_sticky_breakpoint\":\"\",\"position_sticky_offset\":\"10\",\"vertical_align\":\"middle\",\"width_medium\":\"1-2\"}}],\"props\":{\"column_gap\":\"collapse\",\"height\":\"percent\",\"layout\":\"1-2,1-2\",\"margin\":\"remove-vertical\",\"match\":false,\"row_gap\":\"collapse\"}}],\"name\":\"QUALITY SYSTEM\"},{\"type\":\"section\",\"props\":{\"class\":\"uk-visible@l\",\"height\":\"percent\",\"image_position\":\"center-center\",\"padding\":\"none\",\"style\":\"primary\",\"title_breakpoint\":\"xl\",\"title_position\":\"top-left\",\"title_rotation\":\"left\",\"vertical_align\":\"middle\",\"width\":\"\"},\"children\":[{\"type\":\"row\",\"children\":[{\"type\":\"column\",\"props\":{\"image_position\":\"center-center\",\"position_sticky_breakpoint\":\"m\",\"text_color\":\"dark\",\"vertical_align\":\"middle\",\"width_medium\":\"1-2\"},\"children\":[{\"name\":\"Panel Image right\",\"type\":\"panel\",\"props\":{\"block_align\":\"center\",\"content\":\"\n\n<p>Ein sorgf\\u00e4ltiger Kontroll- und Endpruefungsverfahren garantiert die maximale Einhaltung der Qualitaetsstandards, um \\u00a0die Anforderungen des Kunden zu versichern.<\\\/p>\",\"content_column_breakpoint\":\"m\",\"content_margin\":\"small\",\"icon_width\":80,\"id\":\"panel-image-left\",\"image\":\"\",\"image_align\":\"left\",\"image_grid_breakpoint\":\"s\",\"image_grid_column_gap\":\"large\",\"image_grid_width\":\"2-5\",\"image_svg_color\":\"emphasis\",\"image_vertical_align\":true,\"link\":\"wp-content\\\/uploads\\\/2026\\\/04\\\/ID-C5-A4-Integrated-System-Policy-Quality-Environment-Safety-Rev.01-03-2026.pdf\",\"link_margin\":\"medium\",\"link_style\":\"danger\",\"link_target\":true,\"link_text\":\"SIEHE UNSERE POLITIK\",\"margin\":\"remove-vertical\",\"maxwidth\":\"xlarge\",\"meta\":\"Kundenbindung ist unser Hauptziel\",\"meta_align\":\"below-title\",\"meta_element\":\"div\",\"meta_margin\":\"medium\",\"meta_style\":\"\",\"panel_image_no_padding\":true,\"panel_padding\":\"default\",\"panel_style\":\"card-primary\",\"text_align\":\"right\",\"title\":\"QUALIT\\u00e4T POLICY\",\"title_align\":\"top\",\"title_color\":\"success\",\"title_element\":\"h3\",\"title_grid_breakpoint\":\"m\",\"title_grid_width\":\"1-2\",\"title_hover_style\":\"reset\",\"title_margin\":\"small\",\"title_style\":\"h2\"}}]},{\"type\":\"column\",\"props\":{\"image\":\"wp-content\\\/uploads\\\/2022\\\/04\\\/quality_policy_rosval_desk.png\",\"image_position\":\"center-left\",\"image_size\":\"cover\",\"padding\":\"none\",\"position_sticky_breakpoint\":\"m\",\"vertical_align\":\"middle\",\"width_medium\":\"1-2\"}}],\"props\":{\"column_gap\":\"collapse\",\"height\":\"percent\",\"layout\":\"1-2,1-2\",\"margin\":\"remove-vertical\",\"match\":false,\"row_gap\":\"collapse\"}}],\"name\":\"QUALITY POLICY\"},{\"type\":\"section\",\"props\":{\"image_position\":\"center-center\",\"padding\":\"none\",\"style\":\"default\",\"title_breakpoint\":\"xl\",\"title_position\":\"top-left\",\"title_rotation\":\"left\",\"vertical_align\":\"middle\",\"width\":\"\"},\"children\":[{\"type\":\"row\",\"children\":[{\"type\":\"column\",\"props\":{\"image_position\":\"center-center\",\"position_sticky_breakpoint\":\"m\",\"vertical_align\":\"middle\",\"width_medium\":\"1-1\"},\"children\":[{\"name\":\"Panel Image Left\",\"type\":\"panel\",\"props\":{\"content\":\"\n\n<ul>\\n\n\n<li>st\\u00e4ndige Umsetzung des Qualit\\u04d3tssystem<\\\/li>\\n\n\n<li>interne und externe Audits<\\\/li>\\n\n\n<li>Produktionsplanung und Ueberwachung der Liefertreue<\\\/li>\\n\n\n<li>Enge Zusammenarbeit mit unseren Kunden zur staendigen<\\\/li>\\n\n\n<li>Strenge Kontrolle des Gesamten Materials.<\\\/li>\\n<\\\/ul>\",\"content_column_breakpoint\":\"m\",\"content_margin\":\"small\",\"icon_width\":80,\"id\":\"panel-image-left\",\"image\":\"wp-content\\\/uploads\\\/2022\\\/04\\\/quality_system_rosval_mob.png\",\"image_align\":\"top\",\"image_grid_breakpoint\":\"s\",\"image_grid_column_gap\":\"large\",\"image_grid_width\":\"2-5\",\"image_svg_color\":\"emphasis\",\"image_vertical_align\":true,\"link_margin\":\"medium\",\"link_style\":\"danger\",\"link_text\":\"scopri l'azienda\",\"margin\":\"remove-vertical\",\"meta\":\"Kontroll-und Pruefprozesse um Qualit\\u04d3tsstandard zu garantieren.\",\"meta_align\":\"below-title\",\"meta_element\":\"div\",\"meta_margin\":\"medium\",\"meta_style\":\"\",\"panel_image_no_padding\":true,\"panel_padding\":\"default\",\"panel_style\":\"card-default\",\"title\":\"QUALIT\\u00e4TSSYSTEM\",\"title_align\":\"top\",\"title_color\":\"emphasis\",\"title_element\":\"h3\",\"title_grid_breakpoint\":\"m\",\"title_grid_width\":\"1-2\",\"title_hover_style\":\"reset\",\"title_margin\":\"small\",\"title_style\":\"h2\",\"visibility\":\"hidden-l\"}}]}],\"props\":{\"column_gap\":\"collapse\",\"margin\":\"remove-vertical\",\"match\":false,\"row_gap\":\"collapse\"}}],\"name\":\"quality system mob\"},{\"type\":\"section\",\"props\":{\"image_position\":\"center-center\",\"padding\":\"none\",\"style\":\"primary\",\"title_breakpoint\":\"xl\",\"title_position\":\"top-left\",\"title_rotation\":\"left\",\"vertical_align\":\"middle\",\"width\":\"\"},\"children\":[{\"type\":\"row\",\"children\":[{\"type\":\"column\",\"props\":{\"image_position\":\"center-center\",\"position_sticky_breakpoint\":\"m\",\"vertical_align\":\"middle\",\"width_medium\":\"1-1\"},\"children\":[{\"name\":\"Panel Image Left\",\"type\":\"panel\",\"props\":{\"content\":\"\n\n<p>Ein sorgf\\u00e4ltiger Kontroll- und Endpruefungsverfahren garantiert die maximale Einhaltung der Qualitaetsstandards, um \\u00a0die Anforderungen des Kunden zu versichern.<\\\/p>\",\"content_column_breakpoint\":\"m\",\"content_margin\":\"small\",\"icon_width\":80,\"id\":\"panel-image-left\",\"image\":\"wp-content\\\/uploads\\\/2022\\\/04\\\/quality_policy_rosval_mob.png\",\"image_align\":\"top\",\"image_grid_breakpoint\":\"s\",\"image_grid_column_gap\":\"large\",\"image_grid_width\":\"2-5\",\"image_svg_color\":\"emphasis\",\"image_vertical_align\":true,\"link\":\"wp-content\\\/uploads\\\/2026\\\/04\\\/ID-C5-A4-Integrated-System-Policy-Quality-Environment-Safety-Rev.01-03-2026.pdf\",\"link_margin\":\"medium\",\"link_style\":\"danger\",\"link_target\":true,\"link_text\":\"SIEHE UNSERE POLITIK\",\"margin\":\"remove-vertical\",\"meta\":\"Kundenbindung ist unser Hauptziel\",\"meta_align\":\"below-title\",\"meta_element\":\"div\",\"meta_margin\":\"medium\",\"meta_style\":\"\",\"panel_image_no_padding\":true,\"panel_padding\":\"default\",\"panel_style\":\"card-primary\",\"title\":\"QUALIT\\u00e4T POLICY\",\"title_align\":\"top\",\"title_color\":\"success\",\"title_element\":\"h3\",\"title_grid_breakpoint\":\"m\",\"title_grid_width\":\"1-2\",\"title_hover_style\":\"reset\",\"title_margin\":\"small\",\"title_style\":\"h2\",\"visibility\":\"hidden-l\"}},{\"type\":\"text\",\"props\":{\"column_breakpoint\":\"m\",\"content\":\"<br \/>\",\"margin\":\"default\",\"visibility\":\"hidden-l\"}}]}],\"props\":{\"column_gap\":\"collapse\",\"margin\":\"remove-vertical\",\"match\":false,\"row_gap\":\"collapse\"}}],\"name\":\"QUALITY POLICY mob\"},{\"type\":\"section\",\"props\":{\"image_position\":\"center-center\",\"style\":\"default\",\"title_breakpoint\":\"xl\",\"title_position\":\"top-left\",\"title_rotation\":\"left\",\"vertical_align\":\"middle\",\"width\":\"\"},\"children\":[{\"type\":\"row\",\"children\":[{\"type\":\"column\",\"props\":{\"image_position\":\"center-center\",\"position_sticky_breakpoint\":\"m\",\"vertical_align\":\"middle\"},\"children\":[{\"type\":\"headline\",\"props\":{\"block_align\":\"center\",\"content\":\"\n\n<div class=\\\"stretch\\\">\\n  <span>z<\\\/span>\\n  <span>e<\\\/span>\\n  <span>r<\\\/span>\\n  <span>t<\\\/span>\\n  <span>i<\\\/span>\\n  <span>f<\\\/span>\\n  <span>i<\\\/span>  \\n  <span>z<\\\/span>\\n  <span>i<\\\/span>\\n  <span>e<\\\/span>\\n  <span>r<\\\/span>\\n  <span>t<\\\/span>\\n  <span>e<\\\/span>\\n  <span> <\\\/span>\\n  <span>q<\\\/span>\\n  <span>u<\\\/span>\\n  <span>a<\\\/span>\\n  <span>l<\\\/span> \\n  <span>i<\\\/span>\\n      <span>t<\\\/span>\\n  <span>\\u00e4<\\\/span>\\n  <span>t<\\\/span> \\n<\\\/div>\",\"css\":\".stretch {\\n  display: flex;\\n  flex-direction: row;\\n    flex-flow: row nowrap;\\n  justify-content: space-between;\\n  \\n}\",\"margin\":\"large\",\"title_element\":\"h1\",\"title_style\":\"h2\",\"visibility\":\"s\"},\"name\":\"titolo allargato +s giusto\"},{\"type\":\"headline\",\"props\":{\"content\":\"\n\n<p>ZERTIFIZIERTE QUALIT\\u00e4T<\\\/p>\",\"margin\":\"remove-vertical\",\"text_align\":\"center\",\"title_element\":\"h1\",\"title_style\":\"h3\",\"visibility\":\"hidden-s\"},\"name\":\"titolo s\"},{\"type\":\"text\",\"props\":{\"column_breakpoint\":\"m\",\"content\":\"\n\n<p>Rosval QS-System ist seit 1997 nach ISO 9001 und auch nach IATF 16949 zertifiziert, um die Qualit\\u00e4t aller automobilbezogenen Produkte und Dienstleistungen weltweit zu standardisieren und zu verbessern.<\\\/p>\",\"margin\":\"default\",\"text_style\":\"large\"}},{\"type\":\"panel-slider\",\"props\":{\"block_align\":\"center\",\"content_column_breakpoint\":\"m\",\"content_margin\":\"small\",\"css\":\".el-title {\\n  vertical-align: baseline;\\n}\",\"icon_width\":80,\"image_align\":\"top\",\"image_grid_breakpoint\":\"m\",\"image_grid_width\":\"1-2\",\"image_height\":\"200\",\"image_link\":true,\"image_svg_color\":\"emphasis\",\"link_style\":\"default\",\"link_target\":true,\"link_text\":\"\",\"margin\":\"default\",\"maxwidth\":\"large\",\"meta_align\":\"below-title\",\"meta_element\":\"div\",\"meta_style\":\"text-meta\",\"nav\":\"\",\"nav_align\":\"center\",\"nav_breakpoint\":\"s\",\"panel_card_match\":false,\"panel_link\":true,\"show_content\":false,\"show_image\":true,\"show_link\":true,\"show_meta\":true,\"show_title\":true,\"slidenav\":\"\",\"slidenav_breakpoint\":\"\",\"slidenav_color\":\"dark\",\"slidenav_large\":true,\"slidenav_margin\":\"medium\",\"slidenav_outside_breakpoint\":\"m\",\"slider_autoplay\":false,\"slider_autoplay_pause\":false,\"slider_gap\":\"\",\"slider_width\":\"fixed\",\"slider_width_default\":\"1-2\",\"slider_width_medium\":\"\",\"text_align\":\"center\",\"title_align\":\"top\",\"title_color\":\"success\",\"title_element\":\"h3\",\"title_grid_breakpoint\":\"m\",\"title_grid_width\":\"1-2\",\"title_hover_style\":\"reset\",\"title_style\":\"h4\"},\"children\":[{\"type\":\"panel-slider_item\",\"props\":{\"content\":\"\",\"image\":\"wp-content\\\/uploads\\\/2022\\\/04\\\/Immagine_Qualita_3_Certificazione-ISO.png\",\"link\":\"wp-content\\\/uploads\\\/2024\\\/04\\\/WZ240402_IATF-u.-9001.pdf\",\"panel_style\":\"card-primary\",\"title\":\"\"}},{\"type\":\"panel-slider_item\",\"props\":{\"content\":\"\",\"image\":\"wp-content\\\/uploads\\\/2022\\\/04\\\/Immagine_Qualita_2_Certificazione-IATF.png\",\"link\":\"wp-content\\\/uploads\\\/2024\\\/04\\\/WZ240402_IATF-u.-9001.pdf\",\"panel_style\":\"card-primary\",\"title\":\"\"}}]}]}],\"props\":{\"margin\":\"remove-vertical\",\"match\":false,\"row_gap\":\"collapse\",\"width\":\"default\"}}],\"name\":\"qualita certificata\"}],\"version\":\"4.2.11\"} --><\/p>\n","protected":false},"excerpt":{"rendered":"<p>GARANTIERTE UND ZERTIFIZERTE QUALIT\u00e4T Rosval ist seit 1997 nach ISO 9001 und IATF 16949 zertifiziert, um die Qualit\u00e4t aller Produkte und Dienstleistung zu verbessern. ANNAHME PRODUKTION KONTROLLE SPC LABOR FREIGABE QUALIT\u00e4TSSYSTEM Kontroll-und Pruefprozesse um Qualit\u04d3tsstandard zu garantieren. st\u00e4ndige Umsetzung des Qualit\u04d3tssystem interne und externe Audits Produktionsplanung und Ueberwachung der Liefertreue Enge Zusammenarbeit mit unseren Kunden [&hellip;]<\/p>\n","protected":false},"author":1,"featured_media":0,"parent":0,"menu_order":0,"comment_status":"closed","ping_status":"closed","template":"","meta":{"footnotes":""},"class_list":["post-1088","page","type-page","status-publish","hentry"],"_links":{"self":[{"href":"https:\/\/www.rosval.it\/de\/wp-json\/wp\/v2\/pages\/1088","targetHints":{"allow":["GET"]}}],"collection":[{"href":"https:\/\/www.rosval.it\/de\/wp-json\/wp\/v2\/pages"}],"about":[{"href":"https:\/\/www.rosval.it\/de\/wp-json\/wp\/v2\/types\/page"}],"author":[{"embeddable":true,"href":"https:\/\/www.rosval.it\/de\/wp-json\/wp\/v2\/users\/1"}],"replies":[{"embeddable":true,"href":"https:\/\/www.rosval.it\/de\/wp-json\/wp\/v2\/comments?post=1088"}],"version-history":[{"count":17,"href":"https:\/\/www.rosval.it\/de\/wp-json\/wp\/v2\/pages\/1088\/revisions"}],"predecessor-version":[{"id":1442,"href":"https:\/\/www.rosval.it\/de\/wp-json\/wp\/v2\/pages\/1088\/revisions\/1442"}],"wp:attachment":[{"href":"https:\/\/www.rosval.it\/de\/wp-json\/wp\/v2\/media?parent=1088"}],"curies":[{"name":"wp","href":"https:\/\/api.w.org\/{rel}","templated":true}]}}