{"id":1202,"date":"2022-03-15T10:22:59","date_gmt":"2022-03-15T09:22:59","guid":{"rendered":"https:\/\/www.rosval.it\/?page_id=1202"},"modified":"2022-10-19T14:06:10","modified_gmt":"2022-10-19T12:06:10","slug":"firma","status":"publish","type":"page","link":"https:\/\/www.rosval.it\/de\/firma\/","title":{"rendered":"Firma"},"content":{"rendered":"<h1>\u2026ES IST NICHT NUR EINE GESCHICHTE VON ARBEIT UND EXZELLENZ<\/h1>\n<div>\n<p>Die Geschichte von Rosval ist unser beruflicher und menschlicher Weg. Es ist die Geschichte eines Familienabenteurs, das vor ueber 40 Hahren begann.<\/p>\n<\/div>\n<div>\n<h3>Mission<\/h3>\n<p>HOCHWERTIGE SCHRAUBEN UND BEFESTIGUNGSELEMENTE SEIT FAST EINEM HALBEN JAHRHUNDERT<\/p>\n<div>\n<p>Das Zugeh\u00f6rigkeitsgef\u00fchl und eine zukunftsorientierte Vision definieren und inspirieren unsere Art zu sein. Unsere Arbeit basiert auf Leidenschaft und Innovation, auf der St\u00e4rke und Entwicklung unserer F\u00e4higkeiten und auf dem Wert der Menschen, die mit und f\u00fcr uns arbeiten. Deshalb investieren wir in internes Personalwachstum und in Werte wie Ausbildung und Kompetenz.<\/p>\n<\/div>\n<\/div>\n<div>\n<h3>Vision<\/h3>\n<p>WAS WIR HEUTE TUN, KANN ES UNSERE MORGEN UND DIE UNSERER KUNDEN VERBESSERN<\/p>\n<div>\n<p>Wir begrenzen unsere Herausforderung nicht, wir fordern unsere Grenzen heraus, immer weiter zu gehen, ohne jemals unsere Herkunft zu vergessenn und dabei die Werte  eines Famielienunternehmens  zu bewahren <\/p>\n<\/div>\n<\/div>\n<div>\n<p>        <img decoding=\"async\" src=\"\/wp-content\/uploads\/2022\/04\/azienda_rosval_mission_mob.png\" alt=\"\"><\/p>\n<h3>Mission<\/h3>\n<p>HOCHWERTIGE SCHRAUBEN UND BEFESTIGUNGSELEMENTE SEIT FAST EINEM HALBEN JAHRHUNDERT<\/p>\n<div>\n<p>Das Zugeh\u00f6rigkeitsgef\u00fchl und eine zukunftsorientierte Vision definieren und inspirieren unsere Art zu sein. Unsere Arbeit basiert auf Leidenschaft und Innovation, auf der St\u00e4rke und Entwicklung unserer F\u00e4higkeiten und auf dem Wert der Menschen, die mit und f\u00fcr uns arbeiten. Deshalb investieren wir in internes Personalwachstum und in Werte wie Ausbildung und Kompetenz.<\/p>\n<\/div>\n<\/div>\n<div>\n<p>        <img decoding=\"async\" src=\"\/wp-content\/uploads\/2022\/04\/azienda_rosval_vision_mob.png\" alt=\"\"><\/p>\n<h3>VISION<\/h3>\n<p>WAS WIR HEUTE TUN, KANN ES UNSERE MORGEN UND DIE UNSERER KUNDEN VERBESSERN<\/p>\n<div>\n<p><span>Wir begrenzen unsere Herausforderung nicht, wir fordern unsere Grenzen heraus, immer weiter zu gehen, ohne jemals unsere Herkunft zu vergessenn und dabei die Werte  eines Famielienunternehmens  zu bewahren <\/span><\/p>\n<\/div>\n<\/div>\n<div>\n<h3>WAS WIR PRODUZIEREN<\/h3>\n<div>\n<p>Unsere Produktion deckt verschiedene Anwendungsbereiche, darunter Automotive, Nutzfahrzeuge, industrielle Anwendungen und die wei\u00dfe Industrie.<\/p>\n<\/div>\n<\/div>\n<p><img decoding=\"async\" src=\"\/wp-content\/uploads\/2022\/03\/Grafico_torta_Azienda.png\" alt=\"\"><br \/>\n<img decoding=\"async\" src=\"\/wp-content\/uploads\/2022\/10\/Immagine_Azienda_Linea_Tempo_4_DE.png\" alt=\"\"><\/p>\n<p><!--more--><br \/>\n<!-- {\"name\":\"azienda de - firma\",\"type\":\"layout\",\"children\":[{\"type\":\"section\",\"props\":{\"style\":\"default\",\"width\":\"default\",\"vertical_align\":\"middle\",\"title_position\":\"top-left\",\"title_rotation\":\"left\",\"title_breakpoint\":\"xl\",\"image_position\":\"center-center\",\"padding\":\"none\",\"height\":\"percent\",\"image\":\"wp-content\\\/uploads\\\/2022\\\/03\\\/Rosval-testata_Azienda_sfumatura.jpg\",\"image_size\":\"cover\"},\"children\":[{\"type\":\"row\",\"children\":[{\"type\":\"column\",\"props\":{\"position_sticky_breakpoint\":\"m\",\"image_position\":\"center-center\",\"media_overlay_gradient\":\"\",\"vertical_align\":\"middle\"},\"children\":[{\"type\":\"headline\",\"props\":{\"title_element\":\"h1\",\"content\":\"\\u2026ES IST NICHT NUR EINE GESCHICHTE VON ARBEIT UND EXZELLENZ\",\"title_style\":\"h3\",\"maxwidth\":\"xlarge\"}},{\"type\":\"text\",\"props\":{\"margin\":\"default\",\"column_breakpoint\":\"m\",\"content\":\"\n\n<p>Die Geschichte von Rosval ist unser beruflicher und menschlicher Weg. Es ist die Geschichte eines Familienabenteurs, das vor ueber 40 Hahren begann.<\\\/p>\",\"maxwidth\":\"xlarge\"}}]}],\"props\":{\"margin\":\"remove-vertical\",\"match\":false}}],\"name\":\"testata master giusta\"},{\"type\":\"section\",\"props\":{\"style\":\"default\",\"width\":\"\",\"vertical_align\":\"middle\",\"title_position\":\"top-left\",\"title_rotation\":\"left\",\"title_breakpoint\":\"xl\",\"image_position\":\"center-center\",\"padding\":\"none\",\"height\":\"percent\",\"status\":\"\",\"class\":\"uk-visible@l\"},\"children\":[{\"type\":\"row\",\"children\":[{\"type\":\"column\",\"props\":{\"position_sticky_breakpoint\":\"m\",\"image_position\":\"center-center\",\"media_overlay_gradient\":\"\",\"width_medium\":\"1-2\",\"image\":\"\",\"vertical_align\":\"middle\",\"order_first\":\"\"},\"children\":[{\"name\":\"Panel Image Left\",\"type\":\"panel\",\"children\":null,\"props\":{\"link_text\":\"scopri l'azienda\",\"title_hover_style\":\"reset\",\"title_element\":\"h3\",\"title_align\":\"top\",\"title_grid_width\":\"1-2\",\"title_grid_breakpoint\":\"m\",\"meta_style\":\"\",\"meta_align\":\"below-title\",\"meta_element\":\"div\",\"content_column_breakpoint\":\"m\",\"icon_width\":80,\"image_align\":\"left\",\"image_grid_width\":\"2-5\",\"image_grid_breakpoint\":\"s\",\"image_svg_color\":\"emphasis\",\"link_style\":\"danger\",\"margin\":\"remove-vertical\",\"title\":\"Mission\",\"meta\":\"HOCHWERTIGE SCHRAUBEN UND BEFESTIGUNGSELEMENTE SEIT FAST EINEM HALBEN JAHRHUNDERT\",\"content\":\"\n\n<p>Das Zugeh\\u00f6rigkeitsgef\\u00fchl und eine zukunftsorientierte Vision definieren und inspirieren unsere Art zu sein. Unsere Arbeit basiert auf Leidenschaft und Innovation, auf der St\\u00e4rke und Entwicklung unserer F\\u00e4higkeiten und auf dem Wert der Menschen, die mit und f\\u00fcr uns arbeiten. Deshalb investieren wir in internes Personalwachstum und in Werte wie Ausbildung und Kompetenz.<\\\/p>\",\"image\":\"\",\"link\":\"\",\"link_margin\":\"medium\",\"meta_margin\":\"medium\",\"title_margin\":\"small\",\"content_margin\":\"small\",\"image_vertical_align\":true,\"id\":\"panel-image-left\",\"panel_image_no_padding\":true,\"panel_padding\":\"large\",\"title_style\":\"h2\",\"title_color\":\"emphasis\",\"image_grid_column_gap\":\"large\",\"panel_style\":\"card-default\",\"maxwidth\":\"xlarge\"}}]},{\"type\":\"column\",\"props\":{\"position_sticky_breakpoint\":\"\",\"image_position\":\"center-right\",\"media_overlay_gradient\":\"\",\"width_medium\":\"1-2\",\"vertical_align\":\"middle\",\"order_first\":\"m\",\"position_sticky\":false,\"position_sticky_offset\":\"10\",\"image\":\"wp-content\\\/uploads\\\/2022\\\/04\\\/azienda_rosval_mission_desk.png\",\"image_size\":\"cover\",\"padding\":\"none\"},\"children\":[]}],\"props\":{\"layout\":\"1-2,1-2\",\"margin\":\"remove-vertical\",\"match\":false,\"column_gap\":\"collapse\",\"row_gap\":\"collapse\",\"height\":\"percent\"}}],\"name\":\"mission\"},{\"type\":\"section\",\"props\":{\"style\":\"primary\",\"width\":\"\",\"vertical_align\":\"middle\",\"title_position\":\"top-left\",\"title_rotation\":\"left\",\"title_breakpoint\":\"xl\",\"image_position\":\"center-center\",\"padding\":\"none\",\"height\":\"percent\",\"status\":\"\",\"class\":\"uk-visible@l\"},\"children\":[{\"type\":\"row\",\"children\":[{\"type\":\"column\",\"props\":{\"position_sticky_breakpoint\":\"m\",\"image_position\":\"center-center\",\"media_overlay_gradient\":\"\",\"width_medium\":\"1-2\",\"image\":\"\",\"vertical_align\":\"middle\",\"text_color\":\"dark\"},\"children\":[{\"name\":\"Panel Image right\",\"type\":\"panel\",\"children\":null,\"props\":{\"link_text\":\"scopri l'azienda\",\"title_hover_style\":\"reset\",\"title_element\":\"h3\",\"title_align\":\"top\",\"title_grid_width\":\"1-2\",\"title_grid_breakpoint\":\"m\",\"meta_style\":\"\",\"meta_align\":\"below-title\",\"meta_element\":\"div\",\"content_column_breakpoint\":\"m\",\"icon_width\":80,\"image_align\":\"left\",\"image_grid_width\":\"2-5\",\"image_grid_breakpoint\":\"s\",\"image_svg_color\":\"emphasis\",\"link_style\":\"danger\",\"margin\":\"remove-vertical\",\"title\":\"Vision\",\"meta\":\"WAS WIR HEUTE TUN, KANN ES UNSERE MORGEN UND DIE UNSERER KUNDEN VERBESSERN\",\"content\":\"\n\n<p>Wir begrenzen unsere Herausforderung nicht, wir fordern unsere Grenzen heraus, immer weiter zu gehen, ohne jemals unsere Herkunft zu vergessenn und dabei die Werte  eines Famielienunternehmens  zu bewahren <\\\/p>\",\"image\":\"\",\"link\":\"\",\"link_margin\":\"medium\",\"meta_margin\":\"medium\",\"title_margin\":\"small\",\"content_margin\":\"small\",\"image_vertical_align\":true,\"block_align\":\"center\",\"id\":\"panel-image-left\",\"panel_image_no_padding\":true,\"panel_padding\":\"large\",\"title_style\":\"h2\",\"image_grid_column_gap\":\"large\",\"panel_style\":\"card-primary\",\"text_align\":\"right\",\"title_color\":\"success\",\"maxwidth\":\"xlarge\"}}]},{\"type\":\"column\",\"props\":{\"position_sticky_breakpoint\":\"m\",\"image_position\":\"center-left\",\"media_overlay_gradient\":\"\",\"width_medium\":\"1-2\",\"vertical_align\":\"middle\",\"image\":\"wp-content\\\/uploads\\\/2022\\\/04\\\/azienda_rosval_vision_desk.png\",\"image_size\":\"cover\",\"padding\":\"none\"},\"children\":[]}],\"props\":{\"layout\":\"1-2,1-2\",\"margin\":\"remove-vertical\",\"match\":false,\"column_gap\":\"collapse\",\"row_gap\":\"collapse\",\"height\":\"percent\"}}],\"name\":\"vision\"},{\"type\":\"section\",\"props\":{\"style\":\"default\",\"width\":\"\",\"vertical_align\":\"middle\",\"title_position\":\"top-left\",\"title_rotation\":\"left\",\"title_breakpoint\":\"xl\",\"image_position\":\"center-center\",\"padding\":\"none\",\"status\":\"\"},\"children\":[{\"type\":\"row\",\"children\":[{\"type\":\"column\",\"props\":{\"position_sticky_breakpoint\":\"m\",\"image_position\":\"center-center\",\"media_overlay_gradient\":\"\",\"width_medium\":\"\",\"image\":\"\",\"vertical_align\":\"middle\"},\"children\":[{\"name\":\"Panel Image Left\",\"type\":\"panel\",\"children\":null,\"props\":{\"link_text\":\"scopri l'azienda\",\"title_hover_style\":\"reset\",\"title_element\":\"h3\",\"title_align\":\"top\",\"title_grid_width\":\"1-2\",\"title_grid_breakpoint\":\"m\",\"meta_style\":\"\",\"meta_align\":\"below-title\",\"meta_element\":\"div\",\"content_column_breakpoint\":\"m\",\"icon_width\":80,\"image_align\":\"top\",\"image_grid_width\":\"2-5\",\"image_grid_breakpoint\":\"s\",\"image_svg_color\":\"emphasis\",\"link_style\":\"danger\",\"margin\":\"remove-vertical\",\"title\":\"Mission\",\"meta\":\"HOCHWERTIGE SCHRAUBEN UND BEFESTIGUNGSELEMENTE SEIT FAST EINEM HALBEN JAHRHUNDERT\",\"content\":\"\n\n<p>Das Zugeh\\u00f6rigkeitsgef\\u00fchl und eine zukunftsorientierte Vision definieren und inspirieren unsere Art zu sein. Unsere Arbeit basiert auf Leidenschaft und Innovation, auf der St\\u00e4rke und Entwicklung unserer F\\u00e4higkeiten und auf dem Wert der Menschen, die mit und f\\u00fcr uns arbeiten. Deshalb investieren wir in internes Personalwachstum und in Werte wie Ausbildung und Kompetenz.\n\n<\\\/p>\",\"image\":\"wp-content\\\/uploads\\\/2022\\\/04\\\/azienda_rosval_mission_mob.png\",\"link\":\"\",\"link_margin\":\"medium\",\"meta_margin\":\"medium\",\"title_margin\":\"small\",\"content_margin\":\"small\",\"image_vertical_align\":true,\"id\":\"panel-image-left\",\"panel_image_no_padding\":true,\"panel_padding\":\"large\",\"title_style\":\"h2\",\"title_color\":\"emphasis\",\"image_grid_column_gap\":\"large\",\"panel_style\":\"card-default\",\"visibility\":\"hidden-l\"}}]}],\"props\":{\"margin\":\"remove-vertical\",\"match\":false,\"column_gap\":\"collapse\",\"row_gap\":\"collapse\"}}],\"name\":\"mission mob\"},{\"type\":\"section\",\"props\":{\"style\":\"primary\",\"width\":\"\",\"vertical_align\":\"middle\",\"title_position\":\"top-left\",\"title_rotation\":\"left\",\"title_breakpoint\":\"xl\",\"image_position\":\"center-center\",\"padding\":\"none\",\"status\":\"\"},\"children\":[{\"type\":\"row\",\"children\":[{\"type\":\"column\",\"props\":{\"position_sticky_breakpoint\":\"m\",\"image_position\":\"center-center\",\"media_overlay_gradient\":\"\",\"width_medium\":\"\",\"image\":\"\",\"vertical_align\":\"middle\"},\"children\":[{\"name\":\"Panel Image Left\",\"type\":\"panel\",\"children\":null,\"props\":{\"link_text\":\"scopri l'azienda\",\"title_hover_style\":\"reset\",\"title_element\":\"h3\",\"title_align\":\"top\",\"title_grid_width\":\"1-2\",\"title_grid_breakpoint\":\"m\",\"meta_style\":\"\",\"meta_align\":\"below-title\",\"meta_element\":\"div\",\"content_column_breakpoint\":\"m\",\"icon_width\":80,\"image_align\":\"top\",\"image_grid_width\":\"2-5\",\"image_grid_breakpoint\":\"s\",\"image_svg_color\":\"emphasis\",\"link_style\":\"danger\",\"margin\":\"remove-vertical\",\"title\":\"VISION\",\"meta\":\"WAS WIR HEUTE TUN, KANN ES UNSERE MORGEN UND DIE UNSERER KUNDEN VERBESSERN\",\"content\":\"\n\n<p><span>Wir begrenzen unsere Herausforderung nicht, wir fordern unsere Grenzen heraus, immer weiter zu gehen, ohne jemals unsere Herkunft zu vergessenn und dabei die Werte  eines Famielienunternehmens  zu bewahren <\\\/span>\n\n<\\\/p>\",\"image\":\"wp-content\\\/uploads\\\/2022\\\/04\\\/azienda_rosval_vision_mob.png\",\"link\":\"\",\"link_margin\":\"medium\",\"meta_margin\":\"medium\",\"title_margin\":\"small\",\"content_margin\":\"small\",\"image_vertical_align\":true,\"id\":\"panel-image-left\",\"panel_image_no_padding\":true,\"panel_padding\":\"large\",\"title_style\":\"h2\",\"title_color\":\"success\",\"image_grid_column_gap\":\"large\",\"panel_style\":\"card-primary\",\"visibility\":\"hidden-l\"}}]}],\"props\":{\"margin\":\"remove-vertical\",\"match\":false,\"column_gap\":\"collapse\",\"row_gap\":\"collapse\"}}],\"name\":\"vision mob\"},{\"type\":\"section\",\"props\":{\"style\":\"default\",\"width\":\"\",\"vertical_align\":\"middle\",\"title_position\":\"top-left\",\"title_rotation\":\"left\",\"title_breakpoint\":\"xl\",\"image_position\":\"center-center\",\"height\":\"percent\"},\"children\":[{\"type\":\"row\",\"children\":[{\"type\":\"column\",\"props\":{\"position_sticky_breakpoint\":\"m\",\"image_position\":\"center-center\",\"media_overlay_gradient\":\"\",\"width_medium\":\"1-2\",\"image\":\"\",\"vertical_align\":\"middle\"},\"children\":[{\"name\":\"Panel Image Left\",\"type\":\"panel\",\"children\":null,\"props\":{\"link_text\":\"scopri l'azienda\",\"title_hover_style\":\"reset\",\"title_element\":\"h3\",\"title_align\":\"top\",\"title_grid_width\":\"1-2\",\"title_grid_breakpoint\":\"m\",\"meta_style\":\"meta\",\"meta_align\":\"below-title\",\"meta_element\":\"div\",\"content_column_breakpoint\":\"m\",\"icon_width\":80,\"image_align\":\"left\",\"image_grid_width\":\"2-5\",\"image_grid_breakpoint\":\"s\",\"image_svg_color\":\"emphasis\",\"link_style\":\"danger\",\"margin\":\"remove-vertical\",\"title\":\"WAS WIR PRODUZIEREN\",\"meta\":\"\",\"content\":\"\n\n<p>Unsere Produktion deckt verschiedene Anwendungsbereiche, darunter Automotive, Nutzfahrzeuge, industrielle Anwendungen und die wei\\u00dfe Industrie.<\\\/p>\",\"image\":\"\",\"link\":\"\",\"link_margin\":\"medium\",\"meta_margin\":\"small\",\"title_margin\":\"small\",\"content_margin\":\"small\",\"image_vertical_align\":true,\"block_align\":\"center\",\"id\":\"panel-image-left\",\"panel_image_no_padding\":true,\"panel_padding\":\"large\",\"title_style\":\"h2\",\"title_color\":\"emphasis\",\"image_grid_column_gap\":\"large\",\"panel_style\":\"card-default\"}}]},{\"type\":\"column\",\"props\":{\"position_sticky_breakpoint\":\"m\",\"image_position\":\"center-center\",\"media_overlay_gradient\":\"\",\"width_medium\":\"1-2\",\"vertical_align\":\"middle\",\"order_first\":\"m\"},\"children\":[{\"type\":\"image\",\"props\":{\"margin\":\"default\",\"image_svg_color\":\"emphasis\",\"image\":\"wp-content\\\/uploads\\\/2022\\\/03\\\/Grafico_torta_Azienda.png\",\"maxwidth\":\"large\",\"block_align\":\"right\",\"block_align_breakpoint\":\"m\",\"block_align_fallback\":\"center\"}}]}],\"props\":{\"layout\":\"1-2,1-2\",\"margin\":\"remove-vertical\",\"match\":false,\"row_gap\":\"collapse\",\"width\":\"default\"}}],\"name\":\"cosa facciamo\"},{\"type\":\"section\",\"props\":{\"style\":\"primary\",\"width\":\"\",\"vertical_align\":\"middle\",\"title_position\":\"top-left\",\"title_rotation\":\"left\",\"title_breakpoint\":\"xl\",\"image_position\":\"center-center\"},\"children\":[{\"type\":\"row\",\"children\":[{\"type\":\"column\",\"props\":{\"position_sticky_breakpoint\":\"m\",\"image_position\":\"center-center\",\"media_overlay_gradient\":\"\",\"width_medium\":\"\",\"image\":\"\",\"vertical_align\":\"middle\"},\"children\":[{\"type\":\"image\",\"props\":{\"margin\":\"default\",\"image_svg_color\":\"emphasis\",\"text_align\":\"center\",\"block_align\":\"center\",\"image\":\"wp-content\\\/uploads\\\/2022\\\/10\\\/Immagine_Azienda_Linea_Tempo_4_DE.png\"}}]}],\"props\":{\"margin\":\"remove-vertical\",\"match\":false,\"row_gap\":\"collapse\",\"width\":\"default\"}}],\"name\":\"timeline\"},{\"type\":\"section\",\"props\":{\"style\":\"primary\",\"width\":\"\",\"vertical_align\":\"middle\",\"title_position\":\"top-left\",\"title_rotation\":\"left\",\"title_breakpoint\":\"xl\",\"image_position\":\"center-center\",\"padding\":\"none\",\"height\":\"percent\",\"status\":\"disabled\"},\"children\":[{\"type\":\"row\",\"children\":[{\"type\":\"column\",\"props\":{\"position_sticky_breakpoint\":\"m\",\"image_position\":\"center-center\",\"media_overlay_gradient\":\"\",\"width_medium\":\"\",\"image\":\"\",\"vertical_align\":\"middle\"},\"children\":[{\"name\":\"Panel Image Left\",\"type\":\"panel\",\"children\":null,\"props\":{\"link_text\":\"scopri l'azienda\",\"title_hover_style\":\"reset\",\"title_element\":\"h3\",\"title_align\":\"top\",\"title_grid_width\":\"1-2\",\"title_grid_breakpoint\":\"m\",\"meta_style\":\"\",\"meta_align\":\"below-title\",\"meta_element\":\"div\",\"content_column_breakpoint\":\"m\",\"icon_width\":80,\"image_align\":\"right\",\"image_grid_width\":\"1-2\",\"image_grid_breakpoint\":\"\",\"image_svg_color\":\"emphasis\",\"link_style\":\"danger\",\"margin\":\"remove-vertical\",\"title\":\"VISION\",\"meta\":\"\",\"content\":\"\n\n<p>QUELLO CHE FACCIAMO OGGI PU\\u00d2 MIGLIORARE I NOSTRI DOMANI <br \/>E QUELLI DEI NOSTRI CLIENTI<\\\/p>\\n\n\n<p>Non limitiamo le nostre sfide, sfidiamo i nostri limiti per andare sempre <br \/>un po\\u2019 pi\\u00f9 lontano senza mai dimenticare le nostre origini, <br >conservando i valori di un\\u2019attivit\\u00e0 famigliare.<\\\/p>\",\"image\":\"wp-content\\\/uploads\\\/2022\\\/04\\\/azienda_rosval_vision_desk.png\",\"link\":\"\",\"link_margin\":\"medium\",\"meta_margin\":\"medium\",\"title_margin\":\"small\",\"content_margin\":\"small\",\"image_vertical_align\":true,\"id\":\"panel-image-left\",\"panel_image_no_padding\":true,\"panel_padding\":\"small\",\"title_style\":\"h2\",\"image_grid_column_gap\":\"large\",\"panel_style\":\"card-primary\",\"visibility\":\"l\",\"text_align\":\"right\",\"class\":\"\"}}]}],\"props\":{\"margin\":\"remove-vertical\",\"match\":true,\"column_gap\":\"collapse\",\"row_gap\":\"collapse\"}}],\"name\":\"vision desk\"},{\"type\":\"section\",\"props\":{\"style\":\"default\",\"width\":\"\",\"vertical_align\":\"middle\",\"title_position\":\"top-left\",\"title_rotation\":\"left\",\"title_breakpoint\":\"xl\",\"image_position\":\"center-center\",\"padding\":\"none\",\"height\":\"percent\",\"status\":\"disabled\"},\"children\":[{\"type\":\"row\",\"children\":[{\"type\":\"column\",\"props\":{\"position_sticky_breakpoint\":\"m\",\"image_position\":\"center-center\",\"media_overlay_gradient\":\"\",\"width_medium\":\"\",\"image\":\"\",\"vertical_align\":\"middle\"},\"children\":[{\"name\":\"Panel Image Left\",\"type\":\"panel\",\"children\":null,\"props\":{\"link_text\":\"scopri l'azienda\",\"title_hover_style\":\"reset\",\"title_element\":\"h3\",\"title_align\":\"top\",\"title_grid_width\":\"1-2\",\"title_grid_breakpoint\":\"m\",\"meta_style\":\"\",\"meta_align\":\"below-title\",\"meta_element\":\"div\",\"content_column_breakpoint\":\"m\",\"icon_width\":80,\"image_align\":\"left\",\"image_grid_width\":\"1-2\",\"image_grid_breakpoint\":\"\",\"image_svg_color\":\"emphasis\",\"link_style\":\"danger\",\"margin\":\"remove-vertical\",\"title\":\"Mission\",\"meta\":\"\",\"content\":\"\n\n<p>VITI ED ELEMENTI DI FISSAGGIO DI QUALIT\\u00c0 <br \\\/>DA QUASI MEZZO SECOLO<\\\/p>\\n\n\n<p>Il senso di appartenenza e una visione orientata al futuro\\u00a0<br \\\/>definiscono e ispirano il nostro modo di essere.<br \\\/>Il nostro lavoro si fonda sulla passione e l\\u2019innovazione, <br \\\/>sulla forza e lo sviluppo delle nostre competenze e <br \\\/>sul valore delle persone che lavorano e collaborano con noi.<br \\\/>Per questo investiamo sulla crescita interna del personale\\u00a0<br \\\/>e su valori come formazione e competenza.<\\\/p>\",\"image\":\"wp-content\\\/uploads\\\/2022\\\/04\\\/azienda_rosval_mission_desk.png\",\"link\":\"\",\"link_margin\":\"medium\",\"meta_margin\":\"medium\",\"title_margin\":\"small\",\"content_margin\":\"small\",\"image_vertical_align\":true,\"id\":\"panel-image-left\",\"panel_image_no_padding\":true,\"panel_padding\":\"large\",\"title_style\":\"h2\",\"title_color\":\"emphasis\",\"image_grid_column_gap\":\"large\",\"panel_style\":\"card-default\",\"visibility\":\"l\"}}]}],\"props\":{\"margin\":\"remove-vertical\",\"match\":true,\"column_gap\":\"collapse\",\"row_gap\":\"collapse\"}}],\"name\":\"mission desk\"}],\"version\":\"2.7.22\"} --><\/p>\n","protected":false},"excerpt":{"rendered":"<p>\u2026ES IST NICHT NUR EINE GESCHICHTE VON ARBEIT UND EXZELLENZ Die Geschichte von Rosval ist unser beruflicher und menschlicher Weg. Es ist die Geschichte eines Familienabenteurs, das vor ueber 40 Hahren begann. Mission HOCHWERTIGE SCHRAUBEN UND BEFESTIGUNGSELEMENTE SEIT FAST EINEM HALBEN JAHRHUNDERT Das Zugeh\u00f6rigkeitsgef\u00fchl und eine zukunftsorientierte Vision definieren und inspirieren unsere Art zu sein. [&hellip;]<\/p>\n","protected":false},"author":1,"featured_media":0,"parent":0,"menu_order":0,"comment_status":"closed","ping_status":"closed","template":"","meta":{"footnotes":""},"class_list":["post-1202","page","type-page","status-publish","hentry"],"_links":{"self":[{"href":"https:\/\/www.rosval.it\/de\/wp-json\/wp\/v2\/pages\/1202","targetHints":{"allow":["GET"]}}],"collection":[{"href":"https:\/\/www.rosval.it\/de\/wp-json\/wp\/v2\/pages"}],"about":[{"href":"https:\/\/www.rosval.it\/de\/wp-json\/wp\/v2\/types\/page"}],"author":[{"embeddable":true,"href":"https:\/\/www.rosval.it\/de\/wp-json\/wp\/v2\/users\/1"}],"replies":[{"embeddable":true,"href":"https:\/\/www.rosval.it\/de\/wp-json\/wp\/v2\/comments?post=1202"}],"version-history":[{"count":4,"href":"https:\/\/www.rosval.it\/de\/wp-json\/wp\/v2\/pages\/1202\/revisions"}],"predecessor-version":[{"id":1282,"href":"https:\/\/www.rosval.it\/de\/wp-json\/wp\/v2\/pages\/1202\/revisions\/1282"}],"wp:attachment":[{"href":"https:\/\/www.rosval.it\/de\/wp-json\/wp\/v2\/media?parent=1202"}],"curies":[{"name":"wp","href":"https:\/\/api.w.org\/{rel}","templated":true}]}}